{"id":592,"date":"2013-04-20T09:25:48","date_gmt":"2013-04-20T09:25:48","guid":{"rendered":"http:\/\/www.delalysaubaroudage.com\/?page_id=592"},"modified":"2020-04-24T07:01:25","modified_gmt":"2020-04-24T07:01:25","slug":"epoque-14-18","status":"publish","type":"page","link":"https:\/\/www.delalysaubaroudage.com\/?page_id=592","title":{"rendered":"H\u00e9ritage photographique"},"content":{"rendered":"<figure id=\"attachment_361\" aria-describedby=\"caption-attachment-361\" style=\"width: 208px\" class=\"wp-caption alignleft\"><a href=\"https:\/\/i0.wp.com\/www.delalysaubaroudage.com\/wp-content\/uploads\/2013\/04\/Gabrielle-Pennequin.jpg\"><img data-recalc-dims=\"1\" loading=\"lazy\" decoding=\"async\" data-attachment-id=\"361\" data-permalink=\"https:\/\/www.delalysaubaroudage.com\/?attachment_id=361\" data-orig-file=\"https:\/\/i0.wp.com\/www.delalysaubaroudage.com\/wp-content\/uploads\/2013\/04\/Gabrielle-Pennequin.jpg?fit=300%2C431&amp;ssl=1\" data-orig-size=\"300,431\" data-comments-opened=\"1\" data-image-meta=\"{&quot;aperture&quot;:&quot;0&quot;,&quot;credit&quot;:&quot;&quot;,&quot;camera&quot;:&quot;&quot;,&quot;caption&quot;:&quot;&quot;,&quot;created_timestamp&quot;:&quot;0&quot;,&quot;copyright&quot;:&quot;&quot;,&quot;focal_length&quot;:&quot;0&quot;,&quot;iso&quot;:&quot;0&quot;,&quot;shutter_speed&quot;:&quot;0&quot;,&quot;title&quot;:&quot;&quot;}\" data-image-title=\"Gabrielle Pennequin\" data-image-description=\"\" data-image-caption=\"&lt;p&gt;Gabrielle Pennequin&lt;\/p&gt;\n\" data-medium-file=\"https:\/\/i0.wp.com\/www.delalysaubaroudage.com\/wp-content\/uploads\/2013\/04\/Gabrielle-Pennequin.jpg?fit=208%2C300&amp;ssl=1\" data-large-file=\"https:\/\/i0.wp.com\/www.delalysaubaroudage.com\/wp-content\/uploads\/2013\/04\/Gabrielle-Pennequin.jpg?fit=300%2C431&amp;ssl=1\" class=\"size-medium wp-image-361\" src=\"https:\/\/i0.wp.com\/www.delalysaubaroudage.com\/wp-content\/uploads\/2013\/04\/Gabrielle-Pennequin-208x300.jpg?resize=208%2C300\" alt=\"Gabrielle Pennequin\" width=\"208\" height=\"300\" srcset=\"https:\/\/i0.wp.com\/www.delalysaubaroudage.com\/wp-content\/uploads\/2013\/04\/Gabrielle-Pennequin.jpg?resize=208%2C300&amp;ssl=1 208w, https:\/\/i0.wp.com\/www.delalysaubaroudage.com\/wp-content\/uploads\/2013\/04\/Gabrielle-Pennequin.jpg?w=300&amp;ssl=1 300w\" sizes=\"auto, (max-width: 208px) 100vw, 208px\" \/><\/a><figcaption id=\"caption-attachment-361\" class=\"wp-caption-text\">Gabrielle Pennequin<\/figcaption><\/figure>\n<p>&nbsp;<\/p>\n<p>Notre grand tante, Gabrielle Decourcelle-Pennequin, soeur de notre Grand-P\u00e8re Lucien, passionn\u00e9e de photo \u00e9tait \u00e9quip\u00e9e d&rsquo;un <a href=\"https:\/\/www.google.com\/search?q=appareil+photo+ancien+%C3%A0+soufflet+zeiss+ikon&amp;rlz=1C1AVFC_enFR883FR883&amp;sxsrf=ALeKk038Y3mCM4M-1AqVLHcRuC5CKV-frg:1587317245381&amp;tbm=isch&amp;source=iu&amp;ictx=1&amp;fir=NtGQKdSM1nKlBM%253A%252Chivy7F9f2afzPM%252C_&amp;vet=1&amp;usg=AI4_-kQ5HzhQAyMsE9-yubfAE8HvWdNRJg&amp;sa=X&amp;ved=2ahUKEwiW2rnEgfXoAhVD4eAKHUmYB90Q9QEwAHoECAoQFQ#imgrc=NtGQKdSM1nKlBM:\">appareil \u00e0 soufflet Zeiss<\/a>. <span style=\"font-size: inherit;\">Elle a laiss\u00e9 un bel h\u00e9ritage de n\u00e9gatifs, la plupart des ann\u00e9es 1914-1916 que son fils Jean, m&rsquo;a un jour confi\u00e9s dans une vieille boite en carton. Ils sont rest\u00e9s longtemps dans un coffre et \u00e0 l&rsquo;occasion&nbsp; de la comm\u00e9moration de la guerre 14, j&rsquo;ai trouv\u00e9 int\u00e9ressant de publier dans ce site quelques t\u00e9moignages de cette p\u00e9riode ainsi que quelques photos du moulin.&nbsp;<\/span><\/p>\n<p>Il reste de nombreux n\u00e9gatifs \u00e0 exploiter&#8230;mais il me faudrait une deuxi\u00e8me vie !<\/p>\n<p><a href=\"https:\/\/www.delalysaubaroudage.com\/?page_id=610\">Le moulin dans les ann\u00e9es 1915<\/a><\/p>\n<p>&nbsp;<\/p>\n<p>&nbsp;<\/p>\n<p>&nbsp;<\/p>\n\n\n<figure class=\"wp-block-gallery columns-0 is-cropped wp-block-gallery-1 is-layout-flex wp-block-gallery-is-layout-flex\"><ul class=\"blocks-gallery-grid\"><\/ul><\/figure>\n","protected":false},"excerpt":{"rendered":"<p>&nbsp; Notre grand tante, Gabrielle Decourcelle-Pennequin, soeur de notre Grand-P\u00e8re Lucien, passionn\u00e9e de photo \u00e9tait \u00e9quip\u00e9e d&rsquo;un appareil \u00e0 soufflet Zeiss. Elle a laiss\u00e9 un bel h\u00e9ritage de n\u00e9gatifs, la plupart des ann\u00e9es 1914-1916 que son fils Jean, m&rsquo;a un jour confi\u00e9s dans une vieille boite en carton. Ils sont rest\u00e9s longtemps dans un coffre [&hellip;]<\/p>\n","protected":false},"author":1,"featured_media":0,"parent":4817,"menu_order":1,"comment_status":"open","ping_status":"open","template":"","meta":{"ngg_post_thumbnail":0,"ocean_post_layout":"","ocean_both_sidebars_style":"","ocean_both_sidebars_content_width":0,"ocean_both_sidebars_sidebars_width":0,"ocean_sidebar":"","ocean_second_sidebar":"","ocean_disable_margins":"enable","ocean_add_body_class":"","ocean_shortcode_before_top_bar":"","ocean_shortcode_after_top_bar":"","ocean_shortcode_before_header":"","ocean_shortcode_after_header":"","ocean_has_shortcode":"","ocean_shortcode_after_title":"","ocean_shortcode_before_footer_widgets":"","ocean_shortcode_after_footer_widgets":"","ocean_shortcode_before_footer_bottom":"","ocean_shortcode_after_footer_bottom":"","ocean_display_top_bar":"default","ocean_display_header":"default","ocean_header_style":"","ocean_center_header_left_menu":"","ocean_custom_header_template":"","ocean_custom_logo":0,"ocean_custom_retina_logo":0,"ocean_custom_logo_max_width":0,"ocean_custom_logo_tablet_max_width":0,"ocean_custom_logo_mobile_max_width":0,"ocean_custom_logo_max_height":0,"ocean_custom_logo_tablet_max_height":0,"ocean_custom_logo_mobile_max_height":0,"ocean_header_custom_menu":"","ocean_menu_typo_font_family":"","ocean_menu_typo_font_subset":"","ocean_menu_typo_font_size":0,"ocean_menu_typo_font_size_tablet":0,"ocean_menu_typo_font_size_mobile":0,"ocean_menu_typo_font_size_unit":"px","ocean_menu_typo_font_weight":"","ocean_menu_typo_font_weight_tablet":"","ocean_menu_typo_font_weight_mobile":"","ocean_menu_typo_transform":"","ocean_menu_typo_transform_tablet":"","ocean_menu_typo_transform_mobile":"","ocean_menu_typo_line_height":0,"ocean_menu_typo_line_height_tablet":0,"ocean_menu_typo_line_height_mobile":0,"ocean_menu_typo_line_height_unit":"","ocean_menu_typo_spacing":0,"ocean_menu_typo_spacing_tablet":0,"ocean_menu_typo_spacing_mobile":0,"ocean_menu_typo_spacing_unit":"","ocean_menu_link_color":"","ocean_menu_link_color_hover":"","ocean_menu_link_color_active":"","ocean_menu_link_background":"","ocean_menu_link_hover_background":"","ocean_menu_link_active_background":"","ocean_menu_social_links_bg":"","ocean_menu_social_hover_links_bg":"","ocean_menu_social_links_color":"","ocean_menu_social_hover_links_color":"","ocean_disable_title":"default","ocean_disable_heading":"default","ocean_post_title":"","ocean_post_subheading":"","ocean_post_title_style":"","ocean_post_title_background_color":"","ocean_post_title_background":0,"ocean_post_title_bg_image_position":"","ocean_post_title_bg_image_attachment":"","ocean_post_title_bg_image_repeat":"","ocean_post_title_bg_image_size":"","ocean_post_title_height":0,"ocean_post_title_bg_overlay":0.5,"ocean_post_title_bg_overlay_color":"","ocean_disable_breadcrumbs":"default","ocean_breadcrumbs_color":"","ocean_breadcrumbs_separator_color":"","ocean_breadcrumbs_links_color":"","ocean_breadcrumbs_links_hover_color":"","ocean_display_footer_widgets":"default","ocean_display_footer_bottom":"default","ocean_custom_footer_template":"","jetpack_post_was_ever_published":false,"footnotes":""},"class_list":["post-592","page","type-page","status-publish","hentry","entry"],"jetpack_shortlink":"https:\/\/wp.me\/P3qIUX-9y","jetpack_sharing_enabled":true,"_links":{"self":[{"href":"https:\/\/www.delalysaubaroudage.com\/index.php?rest_route=\/wp\/v2\/pages\/592","targetHints":{"allow":["GET"]}}],"collection":[{"href":"https:\/\/www.delalysaubaroudage.com\/index.php?rest_route=\/wp\/v2\/pages"}],"about":[{"href":"https:\/\/www.delalysaubaroudage.com\/index.php?rest_route=\/wp\/v2\/types\/page"}],"author":[{"embeddable":true,"href":"https:\/\/www.delalysaubaroudage.com\/index.php?rest_route=\/wp\/v2\/users\/1"}],"replies":[{"embeddable":true,"href":"https:\/\/www.delalysaubaroudage.com\/index.php?rest_route=%2Fwp%2Fv2%2Fcomments&post=592"}],"version-history":[{"count":20,"href":"https:\/\/www.delalysaubaroudage.com\/index.php?rest_route=\/wp\/v2\/pages\/592\/revisions"}],"predecessor-version":[{"id":10227,"href":"https:\/\/www.delalysaubaroudage.com\/index.php?rest_route=\/wp\/v2\/pages\/592\/revisions\/10227"}],"up":[{"embeddable":true,"href":"https:\/\/www.delalysaubaroudage.com\/index.php?rest_route=\/wp\/v2\/pages\/4817"}],"wp:attachment":[{"href":"https:\/\/www.delalysaubaroudage.com\/index.php?rest_route=%2Fwp%2Fv2%2Fmedia&parent=592"}],"curies":[{"name":"wp","href":"https:\/\/api.w.org\/{rel}","templated":true}]}}