{"id":5,"date":"2013-04-12T10:19:10","date_gmt":"2013-04-12T10:19:10","guid":{"rendered":"http:\/\/www.delalysaubaroudage.com\/?page_id=5"},"modified":"2026-02-02T20:57:56","modified_gmt":"2026-02-02T20:57:56","slug":"accueil","status":"publish","type":"page","link":"https:\/\/www.delalysaubaroudage.com\/","title":{"rendered":"Accueil"},"content":{"rendered":"\n<p>&nbsp;<\/p>\n\n\n\n<h2 class=\"wp-block-heading has-large-font-size\">De la Lys&#8230;.<\/h2>\n\n\n\n<div class=\"wp-block-media-text is-stacked-on-mobile\"><figure class=\"wp-block-media-text__media\"><img data-recalc-dims=\"1\" loading=\"lazy\" decoding=\"async\" width=\"1024\" height=\"768\" data-attachment-id=\"12103\" data-permalink=\"https:\/\/www.delalysaubaroudage.com\/?attachment_id=12103\" data-orig-file=\"https:\/\/i0.wp.com\/www.delalysaubaroudage.com\/wp-content\/uploads\/2026\/02\/image-scaled.jpg?fit=2560%2C1920&amp;ssl=1\" data-orig-size=\"2560,1920\" data-comments-opened=\"1\" data-image-meta=\"{&quot;aperture&quot;:&quot;1.7&quot;,&quot;credit&quot;:&quot;&quot;,&quot;camera&quot;:&quot;OPPO Find X3 Lite 5G&quot;,&quot;caption&quot;:&quot;&quot;,&quot;created_timestamp&quot;:&quot;1695909296&quot;,&quot;copyright&quot;:&quot;&quot;,&quot;focal_length&quot;:&quot;4.73&quot;,&quot;iso&quot;:&quot;50&quot;,&quot;shutter_speed&quot;:&quot;0.00077639751552795&quot;,&quot;title&quot;:&quot;&quot;,&quot;orientation&quot;:&quot;0&quot;}\" data-image-title=\"image\" data-image-description=\"\" data-image-caption=\"\" data-medium-file=\"https:\/\/i0.wp.com\/www.delalysaubaroudage.com\/wp-content\/uploads\/2026\/02\/image-scaled.jpg?fit=300%2C225&amp;ssl=1\" data-large-file=\"https:\/\/i0.wp.com\/www.delalysaubaroudage.com\/wp-content\/uploads\/2026\/02\/image-scaled.jpg?fit=1024%2C768&amp;ssl=1\" src=\"https:\/\/i0.wp.com\/www.delalysaubaroudage.com\/wp-content\/uploads\/2026\/02\/image.jpg?resize=1024%2C768&#038;ssl=1\" alt=\"\" class=\"wp-image-12103 size-full\" srcset=\"https:\/\/i0.wp.com\/www.delalysaubaroudage.com\/wp-content\/uploads\/2026\/02\/image-scaled.jpg?resize=1024%2C768&amp;ssl=1 1024w, https:\/\/i0.wp.com\/www.delalysaubaroudage.com\/wp-content\/uploads\/2026\/02\/image-scaled.jpg?resize=300%2C225&amp;ssl=1 300w, https:\/\/i0.wp.com\/www.delalysaubaroudage.com\/wp-content\/uploads\/2026\/02\/image-scaled.jpg?resize=768%2C576&amp;ssl=1 768w, https:\/\/i0.wp.com\/www.delalysaubaroudage.com\/wp-content\/uploads\/2026\/02\/image-scaled.jpg?resize=100%2C75&amp;ssl=1 100w, https:\/\/i0.wp.com\/www.delalysaubaroudage.com\/wp-content\/uploads\/2026\/02\/image-scaled.jpg?resize=1536%2C1152&amp;ssl=1 1536w, https:\/\/i0.wp.com\/www.delalysaubaroudage.com\/wp-content\/uploads\/2026\/02\/image-scaled.jpg?resize=2048%2C1536&amp;ssl=1 2048w, https:\/\/i0.wp.com\/www.delalysaubaroudage.com\/wp-content\/uploads\/2026\/02\/image-scaled.jpg?w=2400&amp;ssl=1 2400w\" sizes=\"auto, (max-width: 1024px) 100vw, 1024px\" \/><\/figure><div class=\"wp-block-media-text__content\">\n<p>La Lys&#8230;Mametz&#8230;le moulin&#8230;.toute notre&nbsp; enfance&#8230;de nombreux souvenirs&#8230;<\/p>\n\n\n\n<p>Quelques clich\u00e9s des ann\u00e9es 1914-1916, &#8230;.h\u00e9rit\u00e9s d&rsquo;une grand-tante..<\/p>\n\n\n\n<p>Je d\u00e9die ce chapitre du site \u00e0 S\u00e9bastien, Samuel et Eglantine, une partie de leurs racines.<\/p>\n<\/div><\/div>\n\n\n\n<p><\/p>\n\n\n\n<h2 class=\"wp-block-heading has-text-color has-link-color has-large-font-size wp-elements-b042f6e564d954ede9e4cc9bb73baa1a\" style=\"color:#065887\"><span style=\"color: #1061ba;\">Au baroudage..<\/span><\/h2>\n\n\n\n<div class=\"wp-block-media-text is-stacked-on-mobile\"><figure class=\"wp-block-media-text__media\"><img data-recalc-dims=\"1\" loading=\"lazy\" decoding=\"async\" width=\"1024\" height=\"720\" data-attachment-id=\"9769\" data-permalink=\"https:\/\/www.delalysaubaroudage.com\/?attachment_id=9769\" data-orig-file=\"https:\/\/i0.wp.com\/www.delalysaubaroudage.com\/wp-content\/uploads\/2020\/01\/DSC05863.jpg?fit=1600%2C1125&amp;ssl=1\" data-orig-size=\"1600,1125\" data-comments-opened=\"1\" data-image-meta=\"{&quot;aperture&quot;:&quot;5.6&quot;,&quot;credit&quot;:&quot;Picasa&quot;,&quot;camera&quot;:&quot;DSC-RX100M3&quot;,&quot;caption&quot;:&quot;&quot;,&quot;created_timestamp&quot;:&quot;1575304096&quot;,&quot;copyright&quot;:&quot;&quot;,&quot;focal_length&quot;:&quot;25.7&quot;,&quot;iso&quot;:&quot;125&quot;,&quot;shutter_speed&quot;:&quot;0.0025&quot;,&quot;title&quot;:&quot;&quot;,&quot;orientation&quot;:&quot;0&quot;}\" data-image-title=\"DSC05863\" data-image-description=\"\" data-image-caption=\"\" data-medium-file=\"https:\/\/i0.wp.com\/www.delalysaubaroudage.com\/wp-content\/uploads\/2020\/01\/DSC05863.jpg?fit=300%2C211&amp;ssl=1\" data-large-file=\"https:\/\/i0.wp.com\/www.delalysaubaroudage.com\/wp-content\/uploads\/2020\/01\/DSC05863.jpg?fit=1024%2C720&amp;ssl=1\" src=\"https:\/\/i0.wp.com\/www.delalysaubaroudage.com\/wp-content\/uploads\/2020\/01\/DSC05863.jpg?resize=1024%2C720&#038;ssl=1\" alt=\"\" class=\"wp-image-9769 size-full\" srcset=\"https:\/\/i0.wp.com\/www.delalysaubaroudage.com\/wp-content\/uploads\/2020\/01\/DSC05863.jpg?resize=1024%2C720&amp;ssl=1 1024w, https:\/\/i0.wp.com\/www.delalysaubaroudage.com\/wp-content\/uploads\/2020\/01\/DSC05863.jpg?resize=300%2C211&amp;ssl=1 300w, https:\/\/i0.wp.com\/www.delalysaubaroudage.com\/wp-content\/uploads\/2020\/01\/DSC05863.jpg?resize=768%2C540&amp;ssl=1 768w, https:\/\/i0.wp.com\/www.delalysaubaroudage.com\/wp-content\/uploads\/2020\/01\/DSC05863.jpg?resize=690%2C485&amp;ssl=1 690w, https:\/\/i0.wp.com\/www.delalysaubaroudage.com\/wp-content\/uploads\/2020\/01\/DSC05863.jpg?resize=980%2C689&amp;ssl=1 980w, https:\/\/i0.wp.com\/www.delalysaubaroudage.com\/wp-content\/uploads\/2020\/01\/DSC05863.jpg?w=1600&amp;ssl=1 1600w\" sizes=\"auto, (max-width: 1024px) 100vw, 1024px\" \/><\/figure><div class=\"wp-block-media-text__content\">\n<p><\/p>\n\n\n\n<p><\/p>\n\n\n\n<p>Un carnet de souvenirs bien rempli de r\u00e9cits, photos, rencontres&#8230;des tr\u00e9sors que je partage dans les quelques blogs publi\u00e9s sur ce site.<\/p>\n\n\n\n<p><\/p>\n\n\n\n<p><\/p>\n<\/div><\/div>\n","protected":false},"excerpt":{"rendered":"<p>&nbsp; De la Lys&#8230;. La Lys&#8230;Mametz&#8230;le moulin&#8230;.toute notre&nbsp; enfance&#8230;de nombreux souvenirs&#8230; Quelques clich\u00e9s des ann\u00e9es 1914-1916, &#8230;.h\u00e9rit\u00e9s d&rsquo;une grand-tante.. Je d\u00e9die ce chapitre du site \u00e0 S\u00e9bastien, Samuel et Eglantine, une partie de leurs racines. Au baroudage.. Un carnet de souvenirs bien rempli de r\u00e9cits, photos, rencontres&#8230;des tr\u00e9sors que je partage dans les quelques blogs [&hellip;]<\/p>\n","protected":false},"author":1,"featured_media":0,"parent":0,"menu_order":0,"comment_status":"open","ping_status":"open","template":"","meta":{"ngg_post_thumbnail":0,"ocean_post_layout":"","ocean_both_sidebars_style":"","ocean_both_sidebars_content_width":0,"ocean_both_sidebars_sidebars_width":0,"ocean_sidebar":"","ocean_second_sidebar":"","ocean_disable_margins":"enable","ocean_add_body_class":"","ocean_shortcode_before_top_bar":"","ocean_shortcode_after_top_bar":"","ocean_shortcode_before_header":"","ocean_shortcode_after_header":"","ocean_has_shortcode":"","ocean_shortcode_after_title":"","ocean_shortcode_before_footer_widgets":"","ocean_shortcode_after_footer_widgets":"","ocean_shortcode_before_footer_bottom":"","ocean_shortcode_after_footer_bottom":"","ocean_display_top_bar":"default","ocean_display_header":"default","ocean_header_style":"","ocean_center_header_left_menu":"","ocean_custom_header_template":"","ocean_custom_logo":0,"ocean_custom_retina_logo":0,"ocean_custom_logo_max_width":0,"ocean_custom_logo_tablet_max_width":0,"ocean_custom_logo_mobile_max_width":0,"ocean_custom_logo_max_height":0,"ocean_custom_logo_tablet_max_height":0,"ocean_custom_logo_mobile_max_height":0,"ocean_header_custom_menu":"","ocean_menu_typo_font_family":"","ocean_menu_typo_font_subset":"","ocean_menu_typo_font_size":0,"ocean_menu_typo_font_size_tablet":0,"ocean_menu_typo_font_size_mobile":0,"ocean_menu_typo_font_size_unit":"px","ocean_menu_typo_font_weight":"","ocean_menu_typo_font_weight_tablet":"","ocean_menu_typo_font_weight_mobile":"","ocean_menu_typo_transform":"","ocean_menu_typo_transform_tablet":"","ocean_menu_typo_transform_mobile":"","ocean_menu_typo_line_height":0,"ocean_menu_typo_line_height_tablet":0,"ocean_menu_typo_line_height_mobile":0,"ocean_menu_typo_line_height_unit":"","ocean_menu_typo_spacing":0,"ocean_menu_typo_spacing_tablet":0,"ocean_menu_typo_spacing_mobile":0,"ocean_menu_typo_spacing_unit":"","ocean_menu_link_color":"","ocean_menu_link_color_hover":"","ocean_menu_link_color_active":"","ocean_menu_link_background":"","ocean_menu_link_hover_background":"","ocean_menu_link_active_background":"","ocean_menu_social_links_bg":"","ocean_menu_social_hover_links_bg":"","ocean_menu_social_links_color":"","ocean_menu_social_hover_links_color":"","ocean_disable_title":"default","ocean_disable_heading":"default","ocean_post_title":"","ocean_post_subheading":"","ocean_post_title_style":"","ocean_post_title_background_color":"","ocean_post_title_background":0,"ocean_post_title_bg_image_position":"","ocean_post_title_bg_image_attachment":"","ocean_post_title_bg_image_repeat":"","ocean_post_title_bg_image_size":"","ocean_post_title_height":0,"ocean_post_title_bg_overlay":0.5,"ocean_post_title_bg_overlay_color":"","ocean_disable_breadcrumbs":"default","ocean_breadcrumbs_color":"","ocean_breadcrumbs_separator_color":"","ocean_breadcrumbs_links_color":"","ocean_breadcrumbs_links_hover_color":"","ocean_display_footer_widgets":"default","ocean_display_footer_bottom":"default","ocean_custom_footer_template":"","jetpack_post_was_ever_published":false,"footnotes":""},"class_list":["post-5","page","type-page","status-publish","hentry","entry"],"jetpack_shortlink":"https:\/\/wp.me\/P3qIUX-5","jetpack_sharing_enabled":true,"_links":{"self":[{"href":"https:\/\/www.delalysaubaroudage.com\/index.php?rest_route=\/wp\/v2\/pages\/5","targetHints":{"allow":["GET"]}}],"collection":[{"href":"https:\/\/www.delalysaubaroudage.com\/index.php?rest_route=\/wp\/v2\/pages"}],"about":[{"href":"https:\/\/www.delalysaubaroudage.com\/index.php?rest_route=\/wp\/v2\/types\/page"}],"author":[{"embeddable":true,"href":"https:\/\/www.delalysaubaroudage.com\/index.php?rest_route=\/wp\/v2\/users\/1"}],"replies":[{"embeddable":true,"href":"https:\/\/www.delalysaubaroudage.com\/index.php?rest_route=%2Fwp%2Fv2%2Fcomments&post=5"}],"version-history":[{"count":73,"href":"https:\/\/www.delalysaubaroudage.com\/index.php?rest_route=\/wp\/v2\/pages\/5\/revisions"}],"predecessor-version":[{"id":12129,"href":"https:\/\/www.delalysaubaroudage.com\/index.php?rest_route=\/wp\/v2\/pages\/5\/revisions\/12129"}],"wp:attachment":[{"href":"https:\/\/www.delalysaubaroudage.com\/index.php?rest_route=%2Fwp%2Fv2%2Fmedia&parent=5"}],"curies":[{"name":"wp","href":"https:\/\/api.w.org\/{rel}","templated":true}]}}