{"id":3757,"date":"2014-04-26T20:25:41","date_gmt":"2014-04-26T20:25:41","guid":{"rendered":"http:\/\/www.delalysaubaroudage.com\/?page_id=3757"},"modified":"2020-05-02T13:39:25","modified_gmt":"2020-05-02T13:39:25","slug":"mametz-la-lys-la-minoterie-pennequin-une-histoire-de-famille","status":"publish","type":"page","link":"https:\/\/www.delalysaubaroudage.com\/?page_id=3757","title":{"rendered":"..une histoire de famille"},"content":{"rendered":"<p><a href=\"http:\/\/www.delalysaubaroudage.com\/?attachment_id=3970\" rel=\"attachment wp-att-3970\"><img data-recalc-dims=\"1\" loading=\"lazy\" decoding=\"async\" data-attachment-id=\"3970\" data-permalink=\"https:\/\/www.delalysaubaroudage.com\/?attachment_id=3970\" data-orig-file=\"https:\/\/i0.wp.com\/www.delalysaubaroudage.com\/wp-content\/uploads\/2013\/12\/CFY7426.jpg?fit=4004%2C2560&amp;ssl=1\" data-orig-size=\"4004,2560\" data-comments-opened=\"1\" data-image-meta=\"{&quot;aperture&quot;:&quot;0&quot;,&quot;credit&quot;:&quot;Claude Fabry&quot;,&quot;camera&quot;:&quot;NIKON D300&quot;,&quot;caption&quot;:&quot;&quot;,&quot;created_timestamp&quot;:&quot;0&quot;,&quot;copyright&quot;:&quot;CLAUDE FABRY&quot;,&quot;focal_length&quot;:&quot;0&quot;,&quot;iso&quot;:&quot;0&quot;,&quot;shutter_speed&quot;:&quot;0&quot;,&quot;title&quot;:&quot;&quot;}\" data-image-title=\"_CFY7426\" data-image-description=\"\" data-image-caption=\"\" data-medium-file=\"https:\/\/i0.wp.com\/www.delalysaubaroudage.com\/wp-content\/uploads\/2013\/12\/CFY7426.jpg?fit=300%2C191&amp;ssl=1\" data-large-file=\"https:\/\/i0.wp.com\/www.delalysaubaroudage.com\/wp-content\/uploads\/2013\/12\/CFY7426.jpg?fit=1024%2C654&amp;ssl=1\" class=\"alignleft size-large wp-image-3970\" src=\"https:\/\/i0.wp.com\/www.delalysaubaroudage.com\/wp-content\/uploads\/2013\/12\/CFY7426-1024x654.jpg?resize=640%2C408\" alt=\"_CFY7426\" width=\"640\" height=\"408\" srcset=\"https:\/\/i0.wp.com\/www.delalysaubaroudage.com\/wp-content\/uploads\/2013\/12\/CFY7426.jpg?resize=1024%2C654&amp;ssl=1 1024w, https:\/\/i0.wp.com\/www.delalysaubaroudage.com\/wp-content\/uploads\/2013\/12\/CFY7426.jpg?resize=300%2C191&amp;ssl=1 300w, https:\/\/i0.wp.com\/www.delalysaubaroudage.com\/wp-content\/uploads\/2013\/12\/CFY7426.jpg?resize=640%2C409&amp;ssl=1 640w, https:\/\/i0.wp.com\/www.delalysaubaroudage.com\/wp-content\/uploads\/2013\/12\/CFY7426.jpg?resize=780%2C498&amp;ssl=1 780w, https:\/\/i0.wp.com\/www.delalysaubaroudage.com\/wp-content\/uploads\/2013\/12\/CFY7426.jpg?w=2400&amp;ssl=1 2400w, https:\/\/i0.wp.com\/www.delalysaubaroudage.com\/wp-content\/uploads\/2013\/12\/CFY7426.jpg?w=3600&amp;ssl=1 3600w\" sizes=\"auto, (max-width: 640px) 100vw, 640px\" \/><\/a><\/p>\n<p>&nbsp;<\/p>\n<p>&nbsp;<\/p>\n<p>&nbsp;<\/p>\n<p>&nbsp;<\/p>\n<p>&nbsp; &nbsp; &nbsp; &nbsp; &nbsp; &nbsp; &nbsp; &nbsp; &nbsp; &nbsp; &nbsp; &nbsp; &nbsp; &nbsp; &nbsp; &nbsp; &nbsp; &nbsp; &nbsp; &nbsp; &nbsp; &nbsp; &nbsp; &nbsp; <em>Le Moulin en 1915<\/em>&nbsp; &nbsp; &nbsp; &nbsp; &nbsp; &nbsp; &nbsp; &nbsp; &nbsp; &nbsp; &nbsp; &nbsp; &nbsp; &nbsp; &nbsp; &nbsp; &nbsp; &nbsp; &nbsp; &nbsp; &nbsp; &nbsp; &nbsp; &nbsp; &nbsp; &nbsp; &nbsp; &nbsp; &nbsp;&nbsp;<\/p>\n<p>Le moulin de Mametz, &nbsp;dans le Pas-de-Calais, &nbsp;dont l&rsquo;origine remonte aux ann\u00e9es 1600 est exploit\u00e9 \u00e0 la fin du 19\u00e8me par mon arri\u00e8re grand-p\u00e8re Emile Pennequin, originaire de Blendecques, &nbsp;lequel devient propri\u00e9taire des lieux en 1926. Lui succ\u00e9deront mon grand-p\u00e8re Lucien et par la suite mon p\u00e8re Fernand, lequel &nbsp;d\u00e9c\u00e8de \u00e0 46 ans, et en 1974, les machines cesseront de tourner. La Lys alimentera pendant de nombreuses ann\u00e9es la roue .<\/p>\n<p><a href=\"https:\/\/www.delalysaubaroudage.com\/?attachment_id=10309\" rel=\"attachment wp-att-10309\"><img data-recalc-dims=\"1\" loading=\"lazy\" decoding=\"async\" data-attachment-id=\"10309\" data-permalink=\"https:\/\/www.delalysaubaroudage.com\/?attachment_id=10309\" data-orig-file=\"https:\/\/i0.wp.com\/www.delalysaubaroudage.com\/wp-content\/uploads\/2020\/04\/IMG_20200429_143123-2-scaled.jpg?fit=2560%2C1898&amp;ssl=1\" data-orig-size=\"2560,1898\" data-comments-opened=\"1\" data-image-meta=\"{&quot;aperture&quot;:&quot;2.2&quot;,&quot;credit&quot;:&quot;&quot;,&quot;camera&quot;:&quot;ANE-LX1&quot;,&quot;caption&quot;:&quot;&quot;,&quot;created_timestamp&quot;:&quot;1588170683&quot;,&quot;copyright&quot;:&quot;&quot;,&quot;focal_length&quot;:&quot;3.81&quot;,&quot;iso&quot;:&quot;64&quot;,&quot;shutter_speed&quot;:&quot;0.02&quot;,&quot;title&quot;:&quot;&quot;,&quot;orientation&quot;:&quot;1&quot;}\" data-image-title=\"IMG_20200429_143123 (2)\" data-image-description=\"\" data-image-caption=\"\" data-medium-file=\"https:\/\/i0.wp.com\/www.delalysaubaroudage.com\/wp-content\/uploads\/2020\/04\/IMG_20200429_143123-2-scaled.jpg?fit=300%2C222&amp;ssl=1\" data-large-file=\"https:\/\/i0.wp.com\/www.delalysaubaroudage.com\/wp-content\/uploads\/2020\/04\/IMG_20200429_143123-2-scaled.jpg?fit=1024%2C759&amp;ssl=1\" class=\"aligncenter size-large wp-image-10309\" src=\"https:\/\/i0.wp.com\/www.delalysaubaroudage.com\/wp-content\/uploads\/2020\/04\/IMG_20200429_143123-2.jpg?resize=980%2C726&#038;ssl=1\" alt=\"\" width=\"980\" height=\"726\" srcset=\"https:\/\/i0.wp.com\/www.delalysaubaroudage.com\/wp-content\/uploads\/2020\/04\/IMG_20200429_143123-2-scaled.jpg?resize=1024%2C759&amp;ssl=1 1024w, https:\/\/i0.wp.com\/www.delalysaubaroudage.com\/wp-content\/uploads\/2020\/04\/IMG_20200429_143123-2-scaled.jpg?resize=300%2C222&amp;ssl=1 300w, https:\/\/i0.wp.com\/www.delalysaubaroudage.com\/wp-content\/uploads\/2020\/04\/IMG_20200429_143123-2-scaled.jpg?resize=768%2C569&amp;ssl=1 768w, https:\/\/i0.wp.com\/www.delalysaubaroudage.com\/wp-content\/uploads\/2020\/04\/IMG_20200429_143123-2-scaled.jpg?resize=1536%2C1139&amp;ssl=1 1536w, https:\/\/i0.wp.com\/www.delalysaubaroudage.com\/wp-content\/uploads\/2020\/04\/IMG_20200429_143123-2-scaled.jpg?resize=2048%2C1518&amp;ssl=1 2048w, https:\/\/i0.wp.com\/www.delalysaubaroudage.com\/wp-content\/uploads\/2020\/04\/IMG_20200429_143123-2-scaled.jpg?resize=690%2C512&amp;ssl=1 690w, https:\/\/i0.wp.com\/www.delalysaubaroudage.com\/wp-content\/uploads\/2020\/04\/IMG_20200429_143123-2-scaled.jpg?resize=980%2C727&amp;ssl=1 980w, https:\/\/i0.wp.com\/www.delalysaubaroudage.com\/wp-content\/uploads\/2020\/04\/IMG_20200429_143123-2-scaled.jpg?w=2400&amp;ssl=1 2400w\" sizes=\"auto, (max-width: 980px) 100vw, 980px\" \/><\/a><\/p>\n<p><em>Les 3 g\u00e9n\u00e9rations en juillet 1940, Emile, Lucien et Georgette son \u00e9pouse, et leurs enfants Fernand et Marie-Th\u00e9r\u00e8se.<\/em><\/p>\n<p>Aujourd&rsquo;hui, &nbsp;le &nbsp;vannage qui permettait de r\u00e9guler le niveau de la rivi\u00e8re en fonction des besoins pour faire tourner la roue&#8230;..et de ce fait faire fonctionner les machines qui \u00e9crasaient le grain a disparu. Bien avant l&rsquo;arr\u00eat d\u00e9finitif du moulin, nous utilisions le r\u00e9seau \u00e9lectrique d&rsquo;abord en appoint..et ensuite presque exclusivement, le niveau de la rivi\u00e8re ayant baiss\u00e9 consid\u00e9rablement apr\u00e8s la construction de la station d&rsquo;\u00e9puration en aval.<\/p>\n<p>Les broyeurs, plansichters, sasseurs, &nbsp;les tamis que mon grand-p\u00e8re r\u00e9parait m\u00e9ticuleusement, la farine si fine qu&rsquo;elle s&rsquo;incrustait partout, les conduits en pitchpin qui \u00e9taient nettoy\u00e9s enti\u00e8rement apr\u00e8s la moisson, pr\u00eats \u00e0 refonctionner avec le bl\u00e9 nouveau, des souvenirs qui resurgissent !<\/p>\n<p>J&rsquo;ai eu quelque plaisir \u00e0 retrouver des machines identiques dans la distillerie voisine de ma nouvelle r\u00e9sidence,&nbsp;qui \u00e9crase le seigle et l&rsquo;orge pour produire le geni\u00e8vre&#8230;. avec les m\u00eames odeurs&#8230;.mais seulement dans cette premi\u00e8re phase de fabrication, nous n&rsquo;avions pas la vapeurs d&rsquo;alcool !<\/p>\n<p>Ma chambre qui surplombait la roue \u00e9tait contigu\u00eb au b\u00e2timent du moulin , il m&rsquo;arrive encore apr\u00e8s toutes ces ann\u00e9es d'\u00a0\u00bbentendre\u00a0\u00bb les machines, d&rsquo;entendre la chute d&rsquo;eau&#8230;.et je reste fascin\u00e9e et attir\u00e9e partout o\u00f9 je vais par le bruit de l&rsquo;eau.<\/p>\n<p>Tous les moulins ont disparu les uns apr\u00e8s les autres, la mode \u00e9tait aux tr\u00e8s grandes entreprises&#8230;politique de l&rsquo;\u00e9poque d&rsquo;apr\u00e8s guerre. N&rsquo;ont surv\u00e9cu que les Grands Moulin de Paris, Reims&#8230;.etc.<\/p>\n<p>Depuis quelques ann\u00e9es,&nbsp; l&rsquo;alimentation de proximit\u00e9, le bio, ont \u00e9t\u00e9 remis en valeur et ont&nbsp; incit\u00e9 quelques passionn\u00e9s \u00e0 remettre en route des moulins artisanaux qui produisent des farines de qualit\u00e9 tr\u00e8s pl\u00e9biscit\u00e9es.<\/p>\n<p>Sans parler de l&rsquo;\u00e9pid\u00e9mie venue de Chine, le COVID 19,&nbsp; qui&nbsp; chamboule notre vie, nous obligeant \u00e0 un confinement, et \u00e0 un mode de consommation diff\u00e9rent, bas\u00e9 principalement sur le local, et l&rsquo;artisanat&#8230;.une&nbsp; nouvelle \u00e8re ?<\/p>\n<p><a href=\"https:\/\/www.delalysaubaroudage.com\/?page_id=592\">H\u00e9ritage photographique&nbsp;<\/a><\/p>\n<p>&nbsp;<\/p>\n<p>&nbsp;<\/p>\n<p>&nbsp;<\/p>\n","protected":false},"excerpt":{"rendered":"<p>&nbsp; &nbsp; &nbsp; &nbsp; &nbsp; &nbsp; &nbsp; &nbsp; &nbsp; &nbsp; &nbsp; &nbsp; &nbsp; &nbsp; &nbsp; &nbsp; &nbsp; &nbsp; &nbsp; &nbsp; &nbsp; &nbsp; &nbsp; &nbsp; &nbsp; &nbsp; &nbsp; &nbsp; Le Moulin en 1915&nbsp; &nbsp; &nbsp; &nbsp; &nbsp; &nbsp; &nbsp; &nbsp; &nbsp; &nbsp; &nbsp; &nbsp; &nbsp; &nbsp; &nbsp; &nbsp; &nbsp; &nbsp; &nbsp; &nbsp; &nbsp; &nbsp; &nbsp; &nbsp; [&hellip;]<\/p>\n","protected":false},"author":1,"featured_media":0,"parent":4817,"menu_order":1,"comment_status":"open","ping_status":"open","template":"","meta":{"ngg_post_thumbnail":0,"ocean_post_layout":"","ocean_both_sidebars_style":"","ocean_both_sidebars_content_width":0,"ocean_both_sidebars_sidebars_width":0,"ocean_sidebar":"","ocean_second_sidebar":"","ocean_disable_margins":"enable","ocean_add_body_class":"","ocean_shortcode_before_top_bar":"","ocean_shortcode_after_top_bar":"","ocean_shortcode_before_header":"","ocean_shortcode_after_header":"","ocean_has_shortcode":"","ocean_shortcode_after_title":"","ocean_shortcode_before_footer_widgets":"","ocean_shortcode_after_footer_widgets":"","ocean_shortcode_before_footer_bottom":"","ocean_shortcode_after_footer_bottom":"","ocean_display_top_bar":"default","ocean_display_header":"default","ocean_header_style":"","ocean_center_header_left_menu":"","ocean_custom_header_template":"","ocean_custom_logo":0,"ocean_custom_retina_logo":0,"ocean_custom_logo_max_width":0,"ocean_custom_logo_tablet_max_width":0,"ocean_custom_logo_mobile_max_width":0,"ocean_custom_logo_max_height":0,"ocean_custom_logo_tablet_max_height":0,"ocean_custom_logo_mobile_max_height":0,"ocean_header_custom_menu":"","ocean_menu_typo_font_family":"","ocean_menu_typo_font_subset":"","ocean_menu_typo_font_size":0,"ocean_menu_typo_font_size_tablet":0,"ocean_menu_typo_font_size_mobile":0,"ocean_menu_typo_font_size_unit":"px","ocean_menu_typo_font_weight":"","ocean_menu_typo_font_weight_tablet":"","ocean_menu_typo_font_weight_mobile":"","ocean_menu_typo_transform":"","ocean_menu_typo_transform_tablet":"","ocean_menu_typo_transform_mobile":"","ocean_menu_typo_line_height":0,"ocean_menu_typo_line_height_tablet":0,"ocean_menu_typo_line_height_mobile":0,"ocean_menu_typo_line_height_unit":"","ocean_menu_typo_spacing":0,"ocean_menu_typo_spacing_tablet":0,"ocean_menu_typo_spacing_mobile":0,"ocean_menu_typo_spacing_unit":"","ocean_menu_link_color":"","ocean_menu_link_color_hover":"","ocean_menu_link_color_active":"","ocean_menu_link_background":"","ocean_menu_link_hover_background":"","ocean_menu_link_active_background":"","ocean_menu_social_links_bg":"","ocean_menu_social_hover_links_bg":"","ocean_menu_social_links_color":"","ocean_menu_social_hover_links_color":"","ocean_disable_title":"default","ocean_disable_heading":"default","ocean_post_title":"","ocean_post_subheading":"","ocean_post_title_style":"","ocean_post_title_background_color":"","ocean_post_title_background":0,"ocean_post_title_bg_image_position":"","ocean_post_title_bg_image_attachment":"","ocean_post_title_bg_image_repeat":"","ocean_post_title_bg_image_size":"","ocean_post_title_height":0,"ocean_post_title_bg_overlay":0.5,"ocean_post_title_bg_overlay_color":"","ocean_disable_breadcrumbs":"default","ocean_breadcrumbs_color":"","ocean_breadcrumbs_separator_color":"","ocean_breadcrumbs_links_color":"","ocean_breadcrumbs_links_hover_color":"","ocean_display_footer_widgets":"default","ocean_display_footer_bottom":"default","ocean_custom_footer_template":"","jetpack_post_was_ever_published":false,"footnotes":""},"class_list":["post-3757","page","type-page","status-publish","hentry","entry"],"jetpack_shortlink":"https:\/\/wp.me\/P3qIUX-YB","jetpack_sharing_enabled":true,"_links":{"self":[{"href":"https:\/\/www.delalysaubaroudage.com\/index.php?rest_route=\/wp\/v2\/pages\/3757","targetHints":{"allow":["GET"]}}],"collection":[{"href":"https:\/\/www.delalysaubaroudage.com\/index.php?rest_route=\/wp\/v2\/pages"}],"about":[{"href":"https:\/\/www.delalysaubaroudage.com\/index.php?rest_route=\/wp\/v2\/types\/page"}],"author":[{"embeddable":true,"href":"https:\/\/www.delalysaubaroudage.com\/index.php?rest_route=\/wp\/v2\/users\/1"}],"replies":[{"embeddable":true,"href":"https:\/\/www.delalysaubaroudage.com\/index.php?rest_route=%2Fwp%2Fv2%2Fcomments&post=3757"}],"version-history":[{"count":34,"href":"https:\/\/www.delalysaubaroudage.com\/index.php?rest_route=\/wp\/v2\/pages\/3757\/revisions"}],"predecessor-version":[{"id":10337,"href":"https:\/\/www.delalysaubaroudage.com\/index.php?rest_route=\/wp\/v2\/pages\/3757\/revisions\/10337"}],"up":[{"embeddable":true,"href":"https:\/\/www.delalysaubaroudage.com\/index.php?rest_route=\/wp\/v2\/pages\/4817"}],"wp:attachment":[{"href":"https:\/\/www.delalysaubaroudage.com\/index.php?rest_route=%2Fwp%2Fv2%2Fmedia&parent=3757"}],"curies":[{"name":"wp","href":"https:\/\/api.w.org\/{rel}","templated":true}]}}