{"id":10349,"date":"2020-05-17T06:53:55","date_gmt":"2020-05-17T06:53:55","guid":{"rendered":"https:\/\/www.delalysaubaroudage.com\/?page_id=10349"},"modified":"2020-05-17T07:23:10","modified_gmt":"2020-05-17T07:23:10","slug":"nos-grands-parents","status":"publish","type":"page","link":"https:\/\/www.delalysaubaroudage.com\/?page_id=10349","title":{"rendered":"Nos Grands-Parents"},"content":{"rendered":"\n<p>Une nouvelle rubrique qui sera \u00e9volutive au fur et \u00e0 mesure que des souvenirs reviennent&#8230;.et je compte sur la contribution de Patrick.<\/p>\n\n\n\n<p><strong>Mamie Georgette<\/strong> <\/p>\n\n\n\n<p>-Sauvetage d&rsquo;un rouge-gorge :<\/p>\n\n\n\n<p>Quand nous \u00e9tions petits nous avions trouv\u00e9 un rouge-gorge mal en point probablement \u00e0 cause du froid, les hivers \u00e9taient tr\u00e8s rigoureux.  Nous l&rsquo;avons confi\u00e9 \u00e0 mamie Georgette. On lui avait fabriqu\u00e9 un petit nid avec du coton, et je ne souviens plus tr\u00e8s bien comment on le nourrissait, mais il me semble qu&rsquo;on lui donnait la becqu\u00e9e avec du pain tremp\u00e9 dans du lait.<\/p>\n\n\n\n<p>Petit \u00e0 petit,  notre rouge-gorge s&rsquo;est r\u00e9tabli et a commenc\u00e9 \u00e0 voler dans la salle \u00e0 manger&#8230;.et donc \u00e0 faire ses besoins principalement sur le dessus du buffet que Mamie Georgette prot\u00e9geait avec du papier journal qu&rsquo;elle devait changer r\u00e9guli\u00e8rement.<\/p>\n\n\n\n<p>Bien \u00e9videmment Parrain Lucien n&rsquo;\u00e9tait pas content&#8230;.\u00a0\u00bbelle est sotte\u00a0\u00bb disait-il avec un sourire en coin&#8230;mais il n&rsquo;a jamais ouvert la fen\u00eatre&#8230;finalement complice du sauvetage.<\/p>\n\n\n\n<p>Mamie Georgette a attendu le printemps pour le l\u00e2cher&#8230;et ce petit rouge gorge reconnaissant est venu taper plusieurs jours \u00e0 la fen\u00eatre et puis a repris son envol d\u00e9finitif.<\/p>\n\n\n\n<p>Il fallait une Mamie Georgette, authentique amie des b\u00eates, pour accepter notre petit prot\u00e9g\u00e9, une belle exp\u00e9rience pour nous les petits-enfants.<\/p>\n","protected":false},"excerpt":{"rendered":"<p>Une nouvelle rubrique qui sera \u00e9volutive au fur et \u00e0 mesure que des souvenirs reviennent&#8230;.et je compte sur la contribution de Patrick. Mamie Georgette -Sauvetage d&rsquo;un rouge-gorge : Quand nous \u00e9tions petits nous avions trouv\u00e9 un rouge-gorge mal en point probablement \u00e0 cause du froid, les hivers \u00e9taient tr\u00e8s rigoureux. Nous l&rsquo;avons confi\u00e9 \u00e0 mamie [&hellip;]<\/p>\n","protected":false},"author":1,"featured_media":0,"parent":10129,"menu_order":3,"comment_status":"closed","ping_status":"closed","template":"","meta":{"ngg_post_thumbnail":0,"ocean_post_layout":"","ocean_both_sidebars_style":"","ocean_both_sidebars_content_width":0,"ocean_both_sidebars_sidebars_width":0,"ocean_sidebar":"","ocean_second_sidebar":"","ocean_disable_margins":"enable","ocean_add_body_class":"","ocean_shortcode_before_top_bar":"","ocean_shortcode_after_top_bar":"","ocean_shortcode_before_header":"","ocean_shortcode_after_header":"","ocean_has_shortcode":"","ocean_shortcode_after_title":"","ocean_shortcode_before_footer_widgets":"","ocean_shortcode_after_footer_widgets":"","ocean_shortcode_before_footer_bottom":"","ocean_shortcode_after_footer_bottom":"","ocean_display_top_bar":"default","ocean_display_header":"default","ocean_header_style":"","ocean_center_header_left_menu":"","ocean_custom_header_template":"","ocean_custom_logo":0,"ocean_custom_retina_logo":0,"ocean_custom_logo_max_width":0,"ocean_custom_logo_tablet_max_width":0,"ocean_custom_logo_mobile_max_width":0,"ocean_custom_logo_max_height":0,"ocean_custom_logo_tablet_max_height":0,"ocean_custom_logo_mobile_max_height":0,"ocean_header_custom_menu":"","ocean_menu_typo_font_family":"","ocean_menu_typo_font_subset":"","ocean_menu_typo_font_size":0,"ocean_menu_typo_font_size_tablet":0,"ocean_menu_typo_font_size_mobile":0,"ocean_menu_typo_font_size_unit":"px","ocean_menu_typo_font_weight":"","ocean_menu_typo_font_weight_tablet":"","ocean_menu_typo_font_weight_mobile":"","ocean_menu_typo_transform":"","ocean_menu_typo_transform_tablet":"","ocean_menu_typo_transform_mobile":"","ocean_menu_typo_line_height":0,"ocean_menu_typo_line_height_tablet":0,"ocean_menu_typo_line_height_mobile":0,"ocean_menu_typo_line_height_unit":"","ocean_menu_typo_spacing":0,"ocean_menu_typo_spacing_tablet":0,"ocean_menu_typo_spacing_mobile":0,"ocean_menu_typo_spacing_unit":"","ocean_menu_link_color":"","ocean_menu_link_color_hover":"","ocean_menu_link_color_active":"","ocean_menu_link_background":"","ocean_menu_link_hover_background":"","ocean_menu_link_active_background":"","ocean_menu_social_links_bg":"","ocean_menu_social_hover_links_bg":"","ocean_menu_social_links_color":"","ocean_menu_social_hover_links_color":"","ocean_disable_title":"default","ocean_disable_heading":"default","ocean_post_title":"","ocean_post_subheading":"","ocean_post_title_style":"","ocean_post_title_background_color":"","ocean_post_title_background":0,"ocean_post_title_bg_image_position":"","ocean_post_title_bg_image_attachment":"","ocean_post_title_bg_image_repeat":"","ocean_post_title_bg_image_size":"","ocean_post_title_height":0,"ocean_post_title_bg_overlay":0.5,"ocean_post_title_bg_overlay_color":"","ocean_disable_breadcrumbs":"default","ocean_breadcrumbs_color":"","ocean_breadcrumbs_separator_color":"","ocean_breadcrumbs_links_color":"","ocean_breadcrumbs_links_hover_color":"","ocean_display_footer_widgets":"default","ocean_display_footer_bottom":"default","ocean_custom_footer_template":"","jetpack_post_was_ever_published":false,"footnotes":""},"class_list":["post-10349","page","type-page","status-publish","hentry","entry"],"jetpack_shortlink":"https:\/\/wp.me\/P3qIUX-2GV","jetpack_sharing_enabled":true,"_links":{"self":[{"href":"https:\/\/www.delalysaubaroudage.com\/index.php?rest_route=\/wp\/v2\/pages\/10349","targetHints":{"allow":["GET"]}}],"collection":[{"href":"https:\/\/www.delalysaubaroudage.com\/index.php?rest_route=\/wp\/v2\/pages"}],"about":[{"href":"https:\/\/www.delalysaubaroudage.com\/index.php?rest_route=\/wp\/v2\/types\/page"}],"author":[{"embeddable":true,"href":"https:\/\/www.delalysaubaroudage.com\/index.php?rest_route=\/wp\/v2\/users\/1"}],"replies":[{"embeddable":true,"href":"https:\/\/www.delalysaubaroudage.com\/index.php?rest_route=%2Fwp%2Fv2%2Fcomments&post=10349"}],"version-history":[{"count":6,"href":"https:\/\/www.delalysaubaroudage.com\/index.php?rest_route=\/wp\/v2\/pages\/10349\/revisions"}],"predecessor-version":[{"id":10357,"href":"https:\/\/www.delalysaubaroudage.com\/index.php?rest_route=\/wp\/v2\/pages\/10349\/revisions\/10357"}],"up":[{"embeddable":true,"href":"https:\/\/www.delalysaubaroudage.com\/index.php?rest_route=\/wp\/v2\/pages\/10129"}],"wp:attachment":[{"href":"https:\/\/www.delalysaubaroudage.com\/index.php?rest_route=%2Fwp%2Fv2%2Fmedia&parent=10349"}],"curies":[{"name":"wp","href":"https:\/\/api.w.org\/{rel}","templated":true}]}}